{"id":984,"date":"2026-03-02T09:08:24","date_gmt":"2026-03-02T08:08:24","guid":{"rendered":"https:\/\/nawah.fr\/plan-du-site\/"},"modified":"2026-04-29T10:14:10","modified_gmt":"2026-04-29T08:14:10","slug":"plan-du-site","status":"publish","type":"page","link":"https:\/\/nawah.fr\/fr\/plan-du-site\/","title":{"rendered":"Plan du site"},"content":{"rendered":"<div class=\"wsp-container\"><h2 class=\"wsp-pages-title\">Pages<\/h2>\n<ul class=\"wsp-pages-list\">\n<li class=\"page_item page-item-874\"><a href=\"https:\/\/nawah.fr\/fr\/a-propos-de-nawah\/\">\u00c0 propos de NAWAH<\/a><\/li>\n<li class=\"page_item page-item-806\"><a href=\"https:\/\/nawah.fr\/fr\/\">Accueil<\/a><\/li>\n<li class=\"page_item page-item-873 current_page_parent\"><a href=\"https:\/\/nawah.fr\/fr\/news\/\">Actualit\u00e9s<\/a><\/li>\n<li class=\"page_item page-item-912\"><a href=\"https:\/\/nawah.fr\/fr\/mentions-legales\/\">Mentions l\u00e9gales<\/a><\/li>\n<li class=\"page_item page-item-848 page_item_has_children\"><a href=\"https:\/\/nawah.fr\/fr\/nanomateriaux-architectures\/\">Nanomat\u00e9riaux architectur\u00e9s<\/a>\n<ul class='children'>\n\t<li class=\"page_item page-item-860\"><a href=\"https:\/\/nawah.fr\/fr\/nanomateriaux-architectures\/fonctionnalites\/\">Fonctionnalit\u00e9s<\/a><\/li>\n\t<li class=\"page_item page-item-864\"><a href=\"https:\/\/nawah.fr\/fr\/nanomateriaux-architectures\/production\/\">Production<\/a><\/li>\n\t<li class=\"page_item page-item-870\"><a href=\"https:\/\/nawah.fr\/fr\/nanomateriaux-architectures\/services-de-developpement\/\">Services de d\u00e9veloppement<\/a><\/li>\n\t<li class=\"page_item page-item-855\"><a href=\"https:\/\/nawah.fr\/fr\/nanomateriaux-architectures\/technologie\/\">Technologie<\/a><\/li>\n<\/ul>\n<\/li>\n<li class=\"page_item page-item-902\"><a href=\"https:\/\/nawah.fr\/fr\/nos-partenaires\/\">Nos partenaires<\/a><\/li>\n<li class=\"page_item page-item-906\"><a href=\"https:\/\/nawah.fr\/fr\/nous-contacter\/\">Nous contacter<\/a><\/li>\n<li class=\"page_item page-item-984\"><a href=\"https:\/\/nawah.fr\/fr\/plan-du-site\/\">Plan du site<\/a><\/li>\n<li class=\"page_item page-item-914\"><a href=\"https:\/\/nawah.fr\/fr\/politique-de-confidentialite\/\">Politique de confidentialit\u00e9<\/a><\/li>\n<\/ul>\n<h2 class=\"wsp-posts-title\">Articles par cat\u00e9gorie<\/h2>\n<ul class=\"wsp-posts-list\">\n\t<li><strong class=\"wsp-category-title\">Cat\u00e9gorie\u00a0: <a href=\"https:\/\/nawah.fr\/fr\/category\/actualites\/\">Actualit\u00e9s<\/a><\/strong>\n<ul class=\"wsp-posts-list\">\t\t<li class=\"wsp-post\"><a href=\"https:\/\/nawah.fr\/fr\/news\/nawah-a-jec-world-paris-rejoignez-nous\/\">NAWAH \u00e0 JEC World, Paris \u2013 Rejoignez-nous !<\/a><\/li>\n\t\t<li class=\"wsp-post\"><a href=\"https:\/\/nawah.fr\/fr\/news\/world-cleanup-day-2025-chez-nawah\/\">World Cleanup Day 2025 chez NAWAH<\/a><\/li>\n<\/ul><\/li>\n\t<li><strong class=\"wsp-category-title\">Cat\u00e9gorie\u00a0: <a href=\"https:\/\/nawah.fr\/fr\/category\/communique-de-presse\/\">Communiqu\u00e9 de presse<\/a><\/strong>\n<ul class=\"wsp-posts-list\">\t\t<li class=\"wsp-post\"><a href=\"https:\/\/nawah.fr\/fr\/news\/nawah-a-signe-un-accord-de-collaboration-avec-luniversity-of-dayton-research-institute-udri\/\">NAWAH a sign\u00e9 un accord de collaboration avec l&rsquo;University of Dayton Research Institute (UDRI)<\/a><\/li>\n\t\t<li class=\"wsp-post\"><a href=\"https:\/\/nawah.fr\/fr\/news\/nawah-accelere-sa-transformation-industrielle\/\">NAWAH acc\u00e9l\u00e8re sa transformation industrielle<\/a><\/li>\n\t\t<li class=\"wsp-post\"><a href=\"https:\/\/nawah.fr\/fr\/news\/nawa-revolutionne-les-piles-a-combustible-avec-la-premiere-electrode-entierement-nanostructuree-au-monde\/\">NAWA r\u00e9volutionne les piles \u00e0 combustible avec la premi\u00e8re \u00e9lectrode enti\u00e8rement nanostructur\u00e9e au monde<\/a><\/li>\n<\/ul><\/li>\n<\/ul>\n<h2 class=\"wsp-applications-title\">Applications<\/h2>\n<ul class=\"wsp-applications-list\">\n<li><a href=\"https:\/\/nawah.fr\/fr\/application\/composites-nouvelle-generation\/\">Composites Nouvelle G\u00e9n\u00e9ration<\/a><\/li>\n<li><a href=\"https:\/\/nawah.fr\/fr\/application\/catalyseurs-nouvelle-generation\/\">Catalyseurs nouvelle g\u00e9n\u00e9ration<\/a><\/li>\n<\/ul>\n<h2 class=\"wsp-jobss-title\">Careers<\/h2>\n<ul class=\"wsp-jobss-list\">\n<li><a href=\"https:\/\/nawah.fr\/fr\/carrieres\/office-manager\/\">Office Manager<\/a><\/li>\n<li><a href=\"https:\/\/nawah.fr\/fr\/carrieres\/assistante-commerciale-et-marketing\/\">Assistant(e) commercial(e) et marketing<\/a><\/li>\n<li><a href=\"https:\/\/nawah.fr\/fr\/carrieres\/representant-commercial\/\">Repr\u00e9sentant commercial<\/a><\/li>\n<li><a href=\"https:\/\/nawah.fr\/fr\/carrieres\/technicien-de-maintenance\/\">Technicien de maintenance<\/a><\/li>\n<\/ul>\n<h2 class=\"wsp-teams-title\">Our team<\/h2>\n<ul class=\"wsp-teams-list\">\n<li><a href=\"https:\/\/nawah.fr\/fr\/equipe\/alain-guinot\/\">Alain GUINOT<\/a><\/li>\n<li><a href=\"https:\/\/nawah.fr\/fr\/equipe\/benoist-allard\/\">Benoist ALLARD<\/a><\/li>\n<li><a href=\"https:\/\/nawah.fr\/fr\/equipe\/veronique-gay\/\">V\u00e9ronique GAY<\/a><\/li>\n<li><a href=\"https:\/\/nawah.fr\/fr\/equipe\/marc-zimmermann\/\">Marc ZIMMERMANN<\/a><\/li>\n<li><a href=\"https:\/\/nawah.fr\/fr\/equipe\/thomas-goislard-de-monsabert\/\">Thomas GOISLARD DE MONSABERT<\/a><\/li>\n<li><a href=\"https:\/\/nawah.fr\/fr\/equipe\/frederic-merlet\/\">Fr\u00e9d\u00e9ric MERLET<\/a><\/li>\n<li><a href=\"https:\/\/nawah.fr\/fr\/equipe\/kevin-retz\/\">Kevin RETZ<\/a><\/li>\n<\/ul>\n<h2 class=\"wsp-productss-title\">Products<\/h2>\n<ul class=\"wsp-productss-list\">\n<li><a href=\"https:\/\/nawah.fr\/fr\/produits\/plateforme-nawah-stitch\/\">Plateforme NAWAH-Stitch<\/a><\/li>\n<li><a href=\"https:\/\/nawah.fr\/fr\/produits\/plateforme-nawah-catalyseur\/\">Plateforme NAWAH-Catalyst<\/a><\/li>\n<\/ul>\n<h2 class=\"wsp-solutions-title\">Solutions<\/h2>\n<ul class=\"wsp-solutions-list\">\n<li><a href=\"https:\/\/nawah.fr\/fr\/solution\/nawah-stitch-sur-film-de-resine-ns-film-0101\/\">NAWAH-Stitch sur film de r\u00e9sine \u2013 NS Film 0101<\/a><\/li>\n<\/ul>\n<\/div>\n","protected":false},"excerpt":{"rendered":"","protected":false},"author":1,"featured_media":0,"parent":0,"menu_order":0,"comment_status":"closed","ping_status":"closed","template":"","meta":{"_acf_changed":false,"footnotes":""},"class_list":["post-984","page","type-page","status-publish","hentry"],"acf":[],"_links":{"self":[{"href":"https:\/\/nawah.fr\/fr\/wp-json\/wp\/v2\/pages\/984","targetHints":{"allow":["GET"]}}],"collection":[{"href":"https:\/\/nawah.fr\/fr\/wp-json\/wp\/v2\/pages"}],"about":[{"href":"https:\/\/nawah.fr\/fr\/wp-json\/wp\/v2\/types\/page"}],"author":[{"embeddable":true,"href":"https:\/\/nawah.fr\/fr\/wp-json\/wp\/v2\/users\/1"}],"replies":[{"embeddable":true,"href":"https:\/\/nawah.fr\/fr\/wp-json\/wp\/v2\/comments?post=984"}],"version-history":[{"count":3,"href":"https:\/\/nawah.fr\/fr\/wp-json\/wp\/v2\/pages\/984\/revisions"}],"predecessor-version":[{"id":993,"href":"https:\/\/nawah.fr\/fr\/wp-json\/wp\/v2\/pages\/984\/revisions\/993"}],"wp:attachment":[{"href":"https:\/\/nawah.fr\/fr\/wp-json\/wp\/v2\/media?parent=984"}],"curies":[{"name":"wp","href":"https:\/\/api.w.org\/{rel}","templated":true}]}}