{"id":912,"date":"2026-02-03T15:00:56","date_gmt":"2026-02-03T14:00:56","guid":{"rendered":"https:\/\/nawah.fr\/mentions-legales\/"},"modified":"2026-04-10T15:03:32","modified_gmt":"2026-04-10T13:03:32","slug":"mentions-legales","status":"publish","type":"page","link":"https:\/\/nawah.fr\/fr\/mentions-legales\/","title":{"rendered":"Mentions l\u00e9gales"},"content":{"rendered":"\n<h2 class=\"wp-block-heading\"><strong>\u00c9diteur du site<\/strong><\/h2>\n\n<p>D\u00e9nomination sociale ou entit\u00e9 juridique : NAWAH <br\/>Adresse du si\u00e8ge social : 250 avenue Villevieille, 13790 Rousset, France<br\/>Adresse e-mail : <a>contact@nawah.fr<\/a><br\/>Forme juridique : SAS (Soci\u00e9t\u00e9 par Actions Simplifi\u00e9e)<br\/>Capital social : 16 000 000 EUR<br\/>Num\u00e9ro d&rsquo;immatriculation (RCS) : 977 754 092<br\/>Num\u00e9ro de TVA : FR39977754092<br\/>Directeur de la publication : Alain Guinot<br\/>H\u00e9bergeur : OVH<br\/>Cr\u00e9ation du site web : Answeb<br\/>Cr\u00e9dits image &amp; photo : Photos de l&rsquo;\u00e9quipe NAWAH par \u00a9 YannBouvier<\/p>\n\n<hr class=\"wp-block-separator has-alpha-channel-opacity\"\/>\n\n<h2 class=\"wp-block-heading\"><strong>Conditions G\u00e9n\u00e9rales d&rsquo;Utilisation du Site Web<\/strong><\/h2>\n\n<h3 class=\"wp-block-heading\"><strong>Contenu<\/strong><\/h3>\n\n<p>L&rsquo;acc\u00e8s au site web <a href=\"http:\/\/www.nawah.fr\">www.nawah.fr<\/a> est gratuit.<br\/>NAWAH exerce ses activit\u00e9s notamment sous la marque \u00ab NAWAH \u00bb.<br\/>Les informations fournies sur ce site web sont uniquement \u00e0 titre informatif, non contractuelles, et n&rsquo;engagent pas la responsabilit\u00e9 de NAWAH.<br\/>Le site web peut \u00eatre modifi\u00e9 ou mis \u00e0 jour \u00e0 tout moment, notamment \u00e0 des fins de maintenance, sans pr\u00e9avis ni justification.<br\/>NAWAH se r\u00e9serve le droit de modifier unilat\u00e9ralement les pr\u00e9sentes conditions g\u00e9n\u00e9rales d&rsquo;utilisation \u00e0 tout moment et sans justification.<br\/>Toute utilisation commerciale de ce site web est interdite sans l&rsquo;accord pr\u00e9alable de NAWAH.<br\/>Pour toute demande d&rsquo;information concernant ce site web, ou pour signaler des erreurs ou anomalies : <a>contact@nawah.fr<\/a><\/p>\n\n<hr class=\"wp-block-separator has-alpha-channel-opacity\"\/>\n\n<h3 class=\"wp-block-heading\"><strong>Responsabilit\u00e9<\/strong><\/h3>\n\n<p>NAWAH et son h\u00e9bergeur ne pourront \u00eatre tenus responsables en cas de dysfonctionnement du r\u00e9seau Internet ou du mat\u00e9riel informatique ou de t\u00e9l\u00e9communications r\u00e9sultant d&rsquo;un encombrement du r\u00e9seau et emp\u00eachant l&rsquo;acc\u00e8s au serveur.<br\/>NAWAH ne pourra \u00eatre tenue responsable de tout dommage r\u00e9sultant de l&rsquo;utilisation de son site web.<br\/>NAWAH ne pourra \u00eatre tenue responsable de tout dommage direct ou indirect caus\u00e9 \u00e0 l&rsquo;\u00e9quipement de l&rsquo;Utilisateur lors de l&rsquo;acc\u00e8s \u00e0 ce site web.<br\/>L&rsquo;Utilisateur assume l&rsquo;enti\u00e8re responsabilit\u00e9 de l&rsquo;utilisation des informations et du contenu disponibles sur ce site web.<br\/>Toute utilisation du site web par l&rsquo;Utilisateur qui entra\u00eenerait directement ou indirectement un dommage pour NAWAH donnera lieu \u00e0 une indemnisation.<\/p>\n","protected":false},"excerpt":{"rendered":"<p>\u00c9diteur du site D\u00e9nomination sociale ou entit\u00e9 juridique : NAWAH Adresse du si\u00e8ge social : 250 avenue Villevieille, 13790 Rousset, FranceAdresse e-mail : contact@nawah.frForme juridique : SAS (Soci\u00e9t\u00e9 par Actions Simplifi\u00e9e)Capital social : 16 000 000 EURNum\u00e9ro d&rsquo;immatriculation (RCS) : 977 754 092Num\u00e9ro de TVA : FR39977754092Directeur de la publication : Alain GuinotH\u00e9bergeur : OVHCr\u00e9ation [&hellip;]<\/p>\n","protected":false},"author":1,"featured_media":0,"parent":0,"menu_order":0,"comment_status":"closed","ping_status":"closed","template":"","meta":{"_acf_changed":false,"footnotes":""},"class_list":["post-912","page","type-page","status-publish","hentry"],"acf":[],"_links":{"self":[{"href":"https:\/\/nawah.fr\/fr\/wp-json\/wp\/v2\/pages\/912","targetHints":{"allow":["GET"]}}],"collection":[{"href":"https:\/\/nawah.fr\/fr\/wp-json\/wp\/v2\/pages"}],"about":[{"href":"https:\/\/nawah.fr\/fr\/wp-json\/wp\/v2\/types\/page"}],"author":[{"embeddable":true,"href":"https:\/\/nawah.fr\/fr\/wp-json\/wp\/v2\/users\/1"}],"replies":[{"embeddable":true,"href":"https:\/\/nawah.fr\/fr\/wp-json\/wp\/v2\/comments?post=912"}],"version-history":[{"count":1,"href":"https:\/\/nawah.fr\/fr\/wp-json\/wp\/v2\/pages\/912\/revisions"}],"predecessor-version":[{"id":913,"href":"https:\/\/nawah.fr\/fr\/wp-json\/wp\/v2\/pages\/912\/revisions\/913"}],"wp:attachment":[{"href":"https:\/\/nawah.fr\/fr\/wp-json\/wp\/v2\/media?parent=912"}],"curies":[{"name":"wp","href":"https:\/\/api.w.org\/{rel}","templated":true}]}}