{"id":902,"date":"2026-02-03T14:16:00","date_gmt":"2026-02-03T13:16:00","guid":{"rendered":"https:\/\/nawah.fr\/nos-partenaires\/"},"modified":"2026-04-07T11:21:43","modified_gmt":"2026-04-07T09:21:43","slug":"nos-partenaires","status":"publish","type":"page","link":"https:\/\/nawah.fr\/fr\/nos-partenaires\/","title":{"rendered":"Nos partenaires"},"content":{"rendered":"\n<p>Chez NAWAH, la collaboration est au c\u0153ur de notre vision.<\/p>\n\n<p>Nous sommes convaincus que les innovations les plus impactantes naissent de la rencontre entre l\u2019exploration scientifique et les d\u00e9fis industriels concrets, l\u00e0 o\u00f9 chaque partenaire progresse gr\u00e2ce au partage d\u2019expertise.<\/p>\n\n<p>Notre r\u00e9seau en pleine croissance r\u00e9unit des institutions acad\u00e9miques reconnues et des acteurs industriels leaders dans une v\u00e9ritable relation gagnant-gagnant NAWAH tire des chercheurs de classe mondiale des connaissances pr\u00e9cieuses et des avanc\u00e9es de pointe, acc\u00e9l\u00e9rant ainsi le d\u00e9veloppement de nos nanomat\u00e9riaux architectur\u00e9s. En retour, nos partenaires b\u00e9n\u00e9ficient d\u2019un acc\u00e8s direct \u00e0 la validation industrielle, \u00e0 des capacit\u00e9s de production avanc\u00e9es et \u00e0 des opportunit\u00e9s de voir leurs recherches se concr\u00e9tiser dans des applications concr\u00e8tes \u00e0 travers divers secteurs.<\/p>\n\n<p>En nous associant, nous cr\u00e9ons un \u00e9change dynamique o\u00f9 chaque partie progresse. Ensemble, nous d\u00e9veloppons des solutions tangibles qui red\u00e9finissent les standards de la science et de l\u2019industrie.<\/p>\n\n<div class=\"wp-block-group is-content-justification-center is-nowrap is-layout-flex wp-container-core-group-is-layout-94bc23d7 wp-block-group-is-layout-flex\"><\/div>\n\n<div class=\"wp-block-group text-lg-center bs-Z1nzoRc is-layout-grid wp-container-core-group-is-layout-264798c7 wp-block-group-is-layout-grid\">\n<figure class=\"wp-block-image size-large\"><img loading=\"lazy\" decoding=\"async\" width=\"1024\" height=\"243\" src=\"https:\/\/nawah.fr\/wp-content\/uploads\/2026\/02\/mit-1024x243.png\" alt=\"\" class=\"wp-image-92\" srcset=\"https:\/\/nawah.fr\/wp-content\/uploads\/2026\/02\/mit-1024x243.png 1024w, https:\/\/nawah.fr\/wp-content\/uploads\/2026\/02\/mit-300x71.png 300w, https:\/\/nawah.fr\/wp-content\/uploads\/2026\/02\/mit-768x182.png 768w, https:\/\/nawah.fr\/wp-content\/uploads\/2026\/02\/mit.png 1476w\" sizes=\"auto, (max-width: 1024px) 100vw, 1024px\" \/><\/figure>\n\n\n\n<figure class=\"wp-block-image size-full\"><img loading=\"lazy\" decoding=\"async\" width=\"512\" height=\"512\" src=\"https:\/\/nawah.fr\/wp-content\/uploads\/2026\/02\/cea.jpg\" alt=\"\" class=\"wp-image-93\" srcset=\"https:\/\/nawah.fr\/wp-content\/uploads\/2026\/02\/cea.jpg 512w, https:\/\/nawah.fr\/wp-content\/uploads\/2026\/02\/cea-300x300.jpg 300w, https:\/\/nawah.fr\/wp-content\/uploads\/2026\/02\/cea-150x150.jpg 150w\" sizes=\"auto, (max-width: 512px) 100vw, 512px\" \/><\/figure>\n\n\n\n<figure class=\"wp-block-image size-full\"><img loading=\"lazy\" decoding=\"async\" width=\"368\" height=\"137\" src=\"https:\/\/nawah.fr\/wp-content\/uploads\/2026\/02\/LePMI-1.png\" alt=\"\" class=\"wp-image-94\" srcset=\"https:\/\/nawah.fr\/wp-content\/uploads\/2026\/02\/LePMI-1.png 368w, https:\/\/nawah.fr\/wp-content\/uploads\/2026\/02\/LePMI-1-300x112.png 300w\" sizes=\"auto, (max-width: 368px) 100vw, 368px\" \/><\/figure>\n\n\n\n<figure class=\"wp-block-image size-full\"><img loading=\"lazy\" decoding=\"async\" width=\"524\" height=\"124\" src=\"https:\/\/nawah.fr\/wp-content\/uploads\/2026\/02\/UDRI.png\" alt=\"\" class=\"wp-image-95\" srcset=\"https:\/\/nawah.fr\/wp-content\/uploads\/2026\/02\/UDRI.png 524w, https:\/\/nawah.fr\/wp-content\/uploads\/2026\/02\/UDRI-300x71.png 300w\" sizes=\"auto, (max-width: 524px) 100vw, 524px\" \/><\/figure>\n\n\n\n<figure class=\"wp-block-image size-full\"><img loading=\"lazy\" decoding=\"async\" width=\"260\" height=\"194\" src=\"https:\/\/nawah.fr\/wp-content\/uploads\/2026\/02\/SPARKNANO.png\" alt=\"\" class=\"wp-image-412\"\/><\/figure>\n<\/div>\n\n<p class=\"bs-Z1n2UAs\"><\/p>\n","protected":false},"excerpt":{"rendered":"<p>Chez NAWAH, la collaboration est au c\u0153ur de notre vision. Nous sommes convaincus que les innovations les plus impactantes naissent de la rencontre entre l\u2019exploration scientifique et les d\u00e9fis industriels concrets, l\u00e0 o\u00f9 chaque partenaire progresse gr\u00e2ce au partage d\u2019expertise. Notre r\u00e9seau en pleine croissance r\u00e9unit des institutions acad\u00e9miques reconnues et des acteurs industriels leaders [&hellip;]<\/p>\n","protected":false},"author":1,"featured_media":0,"parent":0,"menu_order":0,"comment_status":"closed","ping_status":"closed","template":"","meta":{"_acf_changed":false,"footnotes":""},"class_list":["post-902","page","type-page","status-publish","hentry"],"acf":[],"_links":{"self":[{"href":"https:\/\/nawah.fr\/fr\/wp-json\/wp\/v2\/pages\/902","targetHints":{"allow":["GET"]}}],"collection":[{"href":"https:\/\/nawah.fr\/fr\/wp-json\/wp\/v2\/pages"}],"about":[{"href":"https:\/\/nawah.fr\/fr\/wp-json\/wp\/v2\/types\/page"}],"author":[{"embeddable":true,"href":"https:\/\/nawah.fr\/fr\/wp-json\/wp\/v2\/users\/1"}],"replies":[{"embeddable":true,"href":"https:\/\/nawah.fr\/fr\/wp-json\/wp\/v2\/comments?post=902"}],"version-history":[{"count":1,"href":"https:\/\/nawah.fr\/fr\/wp-json\/wp\/v2\/pages\/902\/revisions"}],"predecessor-version":[{"id":904,"href":"https:\/\/nawah.fr\/fr\/wp-json\/wp\/v2\/pages\/902\/revisions\/904"}],"wp:attachment":[{"href":"https:\/\/nawah.fr\/fr\/wp-json\/wp\/v2\/media?parent=902"}],"curies":[{"name":"wp","href":"https:\/\/api.w.org\/{rel}","templated":true}]}}