{"id":874,"date":"2026-02-03T14:15:52","date_gmt":"2026-02-03T13:15:52","guid":{"rendered":"https:\/\/nawah.fr\/a-propos-de-nawah\/"},"modified":"2026-04-03T15:28:30","modified_gmt":"2026-04-03T13:28:30","slug":"a-propos-de-nawah","status":"publish","type":"page","link":"https:\/\/nawah.fr\/fr\/a-propos-de-nawah\/","title":{"rendered":"\u00c0 propos de NAWAH"},"content":{"rendered":"\n<h1 class=\"wp-block-heading\">Fa\u00e7onner un avenir responsable et audacieux : une innovation ancr\u00e9e dans la science, con\u00e7ue pour l&rsquo;industrie<\/h1>\n\n<p><br\/>NAWAH puise ses racines dans les recherches pionni\u00e8res men\u00e9es au CEA (Commissariat \u00e0 l\u2019\u00c9nergie Atomique, France) et au MIT (Massachusetts Institute of Technology, USA), qui ont ouvert la voie \u00e0 la d\u00e9couverte des nanotubes de carbone align\u00e9s verticalement (VACNT). Ces avanc\u00e9es scientifiques exceptionnelles constituent la base technologique sur laquelle NAWAH a \u00e9t\u00e9 fond\u00e9e. Aujourd\u2019hui, NAWAH se concentre sur l\u2019acc\u00e9l\u00e9ration du d\u00e9ploiement industriel dans les secteurs des composites avanc\u00e9s et de l\u2019\u00e9nergie.<\/p>\n\n<p>S&rsquo;appuyant sur ce patrimoine scientifique, NAWAH a \u00e9t\u00e9 cr\u00e9\u00e9e pour transf\u00e9rer l&rsquo;innovation du laboratoire \u00e0 l&rsquo;industrie.<br\/>Gr\u00e2ce \u00e0 une \u00e9quipe d\u00e9di\u00e9e et des collaborateurs internationaux, l&rsquo;entreprise transforme les d\u00e9couvertes en nanomat\u00e9riaux architectur\u00e9s de pointe pour les march\u00e9s des composites et de l&rsquo;\u00e9nergie.<br\/>Depuis nos installations \u00e0 Rousset (France) et Dayton (\u00c9tats-Unis), NAWAH s&rsquo;est impos\u00e9e comme le leader mondial de cette technologie r\u00e9volutionnaire.<\/p>\n\n<p>Chez NAWAH, nous \u00e9tablissons des liens solides avec les acteurs cl\u00e9s de l&rsquo;industrie pour offrir des solutions r\u00e9pondant aux d\u00e9fis industriels de demain.<\/p>\n\n<p>NAWAH poursuit sa mission au quotidien : acc\u00e9l\u00e9rer la transition vers une industrie plus responsable en repoussant les limites de l&rsquo;innovation gr\u00e2ce \u00e0 ses nanomat\u00e9riaux architectur\u00e9s. Notre histoire est celle d&rsquo;une aventure collective o\u00f9 la science rencontre l&rsquo;industrie, au service d&rsquo;un avenir durable.<\/p>\n\n<h2 class=\"wp-block-heading\">Notre Vision<\/h2>\n\n<p>Chez NAWAH, nous croyons en un avenir qui puise ses racines dans l\u2019essence m\u00eame des choses. Pour nous, des \u00e9l\u00e9ments comme le carbone ne sont pas de simples mat\u00e9riaux\u2014ils sont des portes ouvertes vers de nouvelles possibilit\u00e9s. Le v\u00e9ritable progr\u00e8s se forge par la cr\u00e9ativit\u00e9 et la volont\u00e9. Notre monde a ses limites, mais l\u2019ing\u00e9niosit\u00e9 humaine est sans bornes.<br\/>En concevant des nanomat\u00e9riaux architectur\u00e9s \u00e0 la plus petite \u00e9chelle, <br\/>nous ouvrons de nouveaux horizons\u2014alignant constamment les technologies avanc\u00e9es avec des applications porteuses de sens.<\/p>\n\n<p>L&rsquo;innovation est au c\u0153ur de notre parcours et au centre de la d\u00e9carbonation industrielle. Nous nous effor\u00e7ons d&rsquo;optimiser chaque ressource, \u00e9nergie et processus, en am\u00e9liorant la performance de vos conceptions et en \u00e9largissant ce qui est possible. Nous nous effor\u00e7ons d&rsquo;optimiser chaque ressource, \u00e9nergie et processus, en am\u00e9liorant la performance de vos conceptions et en \u00e9largissant ce qui est possible.<\/p>\n\n<h2 class=\"wp-block-heading\">Nos Valeurs<\/h2>\n\n<ul class=\"wp-block-list\">\n<li><strong>Progr\u00e8s Centr\u00e9 sur l\u2019Humain<\/strong> : Nous pla\u00e7ons les personnes et le sens au c\u0153ur de notre mission, convaincus que la science doit donner du pouvoir \u00e0 chacun et b\u00e9n\u00e9ficier \u00e0 tous.<\/li>\n\n\n\n<li><strong>Curiosit\u00e9 &amp; Ambition<\/strong> : Anim\u00e9s par un esprit d\u2019exploration, nous repoussons sans cesse les limites des nanomat\u00e9riaux architectur\u00e9s pour r\u00e9v\u00e9ler de nouveaux horizons.<\/li>\n\n\n\n<li><strong>Collaboration Ouverte <\/strong>: Notre histoire s\u2019\u00e9crit avec vous : partenaires, inventeurs et pionniers inspir\u00e9s pour fa\u00e7onner demain.<\/li>\n\n\n\n<li><strong>Innovation Audacieuse <\/strong>: Conscients des limites de la plan\u00e8te, nous avan\u00e7ons en optimisant les ressources et en innovant pour un avenir plus r\u00e9silient.<\/li>\n\n\n\n<li><strong>Authenticit\u00e9 &amp; C\u0153ur : <\/strong>Nous apportons d\u00e9vouement et int\u00e9grit\u00e9 \u00e0 toutes nos actions, alliant savoir et passion pour avoir un v\u00e9ritable impact.<\/li>\n<\/ul>\n","protected":false},"excerpt":{"rendered":"<p>Fa\u00e7onner un avenir responsable et audacieux : une innovation ancr\u00e9e dans la science, con\u00e7ue pour l&rsquo;industrie NAWAH puise ses racines dans les recherches pionni\u00e8res men\u00e9es au CEA (Commissariat \u00e0 l\u2019\u00c9nergie Atomique, France) et au MIT (Massachusetts Institute of Technology, USA), qui ont ouvert la voie \u00e0 la d\u00e9couverte des nanotubes de carbone align\u00e9s verticalement (VACNT). [&hellip;]<\/p>\n","protected":false},"author":1,"featured_media":0,"parent":0,"menu_order":0,"comment_status":"closed","ping_status":"closed","template":"","meta":{"_acf_changed":false,"footnotes":""},"class_list":["post-874","page","type-page","status-publish","hentry"],"acf":[],"_links":{"self":[{"href":"https:\/\/nawah.fr\/fr\/wp-json\/wp\/v2\/pages\/874","targetHints":{"allow":["GET"]}}],"collection":[{"href":"https:\/\/nawah.fr\/fr\/wp-json\/wp\/v2\/pages"}],"about":[{"href":"https:\/\/nawah.fr\/fr\/wp-json\/wp\/v2\/types\/page"}],"author":[{"embeddable":true,"href":"https:\/\/nawah.fr\/fr\/wp-json\/wp\/v2\/users\/1"}],"replies":[{"embeddable":true,"href":"https:\/\/nawah.fr\/fr\/wp-json\/wp\/v2\/comments?post=874"}],"version-history":[{"count":1,"href":"https:\/\/nawah.fr\/fr\/wp-json\/wp\/v2\/pages\/874\/revisions"}],"predecessor-version":[{"id":875,"href":"https:\/\/nawah.fr\/fr\/wp-json\/wp\/v2\/pages\/874\/revisions\/875"}],"wp:attachment":[{"href":"https:\/\/nawah.fr\/fr\/wp-json\/wp\/v2\/media?parent=874"}],"curies":[{"name":"wp","href":"https:\/\/api.w.org\/{rel}","templated":true}]}}