{"id":870,"date":"2026-02-03T14:15:44","date_gmt":"2026-02-03T13:15:44","guid":{"rendered":"https:\/\/nawah.fr\/nanomateriaux-architectures\/services-de-developpement\/"},"modified":"2026-04-03T15:21:52","modified_gmt":"2026-04-03T13:21:52","slug":"services-de-developpement","status":"publish","type":"page","link":"https:\/\/nawah.fr\/fr\/nanomateriaux-architectures\/services-de-developpement\/","title":{"rendered":"Services de d\u00e9veloppement"},"content":{"rendered":"\n<h1 class=\"wp-block-heading\">Services de R&amp;D sur mesure pour mat\u00e9riaux techniques : Acc\u00e9l\u00e9rer le passage du d\u00e9fi au succ\u00e8s industriel<\/h1>\n\n<p>Chez NAWAH, nos Services de D\u00e9veloppement sont con\u00e7us pour transformer vos d\u00e9fis techniques les plus complexes en solutions industrielles solides. Qu&rsquo;il s&rsquo;agisse d&rsquo;un probl\u00e8me initial au niveau du produit\u2014m\u00e9canique, thermique, \u00e9lectrique, vibratoire ou chimique\u2014notre \u00e9quipe collabore \u00e9troitement avec vous pour comprendre votre obstacle. Gr\u00e2ce \u00e0 une ing\u00e9nierie experte des nanomat\u00e9riaux architectur\u00e9s, nous \u00e9laborons des solutions mat\u00e9rielles sur mesure et assurons une int\u00e9gration fluide dans vos lignes de production.<br\/>En tirant parti de notre expertise avanc\u00e9e en disponibilit\u00e9 des mat\u00e9riaux et en industrialisation, nous pouvons collaborer ensemble \u00e0 des it\u00e9rations rapides d&rsquo;essais pour fournir des solutions pr\u00eates \u00e0 s&rsquo;adapter \u00e0 votre cycle de d\u00e9veloppement produit.<\/p>\n\n<figure class=\"wp-block-image size-large\"><img loading=\"lazy\" decoding=\"async\" width=\"1024\" height=\"369\" src=\"https:\/\/nawah.fr\/wp-content\/uploads\/2026\/02\/Schema-Development-Services-1024x369.png\" alt=\"\" class=\"wp-image-577\" srcset=\"https:\/\/nawah.fr\/wp-content\/uploads\/2026\/02\/Schema-Development-Services-1024x369.png 1024w, https:\/\/nawah.fr\/wp-content\/uploads\/2026\/02\/Schema-Development-Services-300x108.png 300w, https:\/\/nawah.fr\/wp-content\/uploads\/2026\/02\/Schema-Development-Services-768x277.png 768w, https:\/\/nawah.fr\/wp-content\/uploads\/2026\/02\/Schema-Development-Services-1536x553.png 1536w, https:\/\/nawah.fr\/wp-content\/uploads\/2026\/02\/Schema-Development-Services-2048x738.png 2048w\" sizes=\"auto, (max-width: 1024px) 100vw, 1024px\" \/><\/figure>\n","protected":false},"excerpt":{"rendered":"<p>Services de R&amp;D sur mesure pour mat\u00e9riaux techniques : Acc\u00e9l\u00e9rer le passage du d\u00e9fi au succ\u00e8s industriel Chez NAWAH, nos Services de D\u00e9veloppement sont con\u00e7us pour transformer vos d\u00e9fis techniques les plus complexes en solutions industrielles solides. Qu&rsquo;il s&rsquo;agisse d&rsquo;un probl\u00e8me initial au niveau du produit\u2014m\u00e9canique, thermique, \u00e9lectrique, vibratoire ou chimique\u2014notre \u00e9quipe collabore \u00e9troitement avec [&hellip;]<\/p>\n","protected":false},"author":1,"featured_media":0,"parent":848,"menu_order":0,"comment_status":"closed","ping_status":"closed","template":"","meta":{"_acf_changed":false,"footnotes":""},"class_list":["post-870","page","type-page","status-publish","hentry"],"acf":[],"_links":{"self":[{"href":"https:\/\/nawah.fr\/fr\/wp-json\/wp\/v2\/pages\/870","targetHints":{"allow":["GET"]}}],"collection":[{"href":"https:\/\/nawah.fr\/fr\/wp-json\/wp\/v2\/pages"}],"about":[{"href":"https:\/\/nawah.fr\/fr\/wp-json\/wp\/v2\/types\/page"}],"author":[{"embeddable":true,"href":"https:\/\/nawah.fr\/fr\/wp-json\/wp\/v2\/users\/1"}],"replies":[{"embeddable":true,"href":"https:\/\/nawah.fr\/fr\/wp-json\/wp\/v2\/comments?post=870"}],"version-history":[{"count":1,"href":"https:\/\/nawah.fr\/fr\/wp-json\/wp\/v2\/pages\/870\/revisions"}],"predecessor-version":[{"id":872,"href":"https:\/\/nawah.fr\/fr\/wp-json\/wp\/v2\/pages\/870\/revisions\/872"}],"up":[{"embeddable":true,"href":"https:\/\/nawah.fr\/fr\/wp-json\/wp\/v2\/pages\/848"}],"wp:attachment":[{"href":"https:\/\/nawah.fr\/fr\/wp-json\/wp\/v2\/media?parent=870"}],"curies":[{"name":"wp","href":"https:\/\/api.w.org\/{rel}","templated":true}]}}