{"id":864,"date":"2026-02-03T14:15:38","date_gmt":"2026-02-03T13:15:38","guid":{"rendered":"https:\/\/nawah.fr\/nanomateriaux-architectures\/production\/"},"modified":"2026-04-03T15:20:26","modified_gmt":"2026-04-03T13:20:26","slug":"production","status":"publish","type":"page","link":"https:\/\/nawah.fr\/fr\/nanomateriaux-architectures\/production\/","title":{"rendered":"Production"},"content":{"rendered":"\n<p>Notre position de leader mondial dans la production de nanomat\u00e9riaux architectur\u00e9s d\u00e9coule de 15 ans de d\u00e9veloppement industriel \u00e0 travers les continents.<br\/>Nos lignes de fabrication incarnent notre passion pour l\u2019innovation : concevoir et produire des nanomat\u00e9riaux avanc\u00e9s dans un environnement s\u00e9curis\u00e9.<\/p>\n\n<h1 class=\"wp-block-heading\">Fabrication \u00e0 grande \u00e9chelle pour les besoins industriels mondiaux<\/h1>\n\n<h3 class=\"wp-block-heading\">Production sur deux continents<\/h3>\n\n<p>NAWAH fabrique des nanotubes de carbone align\u00e9s verticalement de haute qualit\u00e9 \u00e0 l\u2019\u00e9chelle industrielle dans deux usines enti\u00e8rement \u00e9quip\u00e9es situ\u00e9es \u00e0 Rousset, en France, et \u00e0 Dayton, aux \u00c9tats-Unis. Notre pr\u00e9sence sur deux continents nous permet d\u2019assurer un approvisionnement s\u00e9curis\u00e9, fiable et flexible pour nos clients, tout en r\u00e9duisant notre empreinte mondiale et en optimisant la logistique.<\/p>\n\n<div class=\"wp-block-columns is-layout-flex wp-container-core-columns-is-layout-9d6595d7 wp-block-columns-is-layout-flex\">\n<div class=\"wp-block-column is-layout-flow wp-block-column-is-layout-flow\">\n<figure class=\"wp-block-image size-full rounded\"><img loading=\"lazy\" decoding=\"async\" width=\"2462\" height=\"1362\" src=\"https:\/\/nawah.fr\/wp-content\/uploads\/2026\/03\/USINE-FRANCE-BIS-2.png\" alt=\"\" class=\"wp-image-788\" srcset=\"https:\/\/nawah.fr\/wp-content\/uploads\/2026\/03\/USINE-FRANCE-BIS-2.png 2462w, https:\/\/nawah.fr\/wp-content\/uploads\/2026\/03\/USINE-FRANCE-BIS-2-300x166.png 300w, https:\/\/nawah.fr\/wp-content\/uploads\/2026\/03\/USINE-FRANCE-BIS-2-1024x566.png 1024w, https:\/\/nawah.fr\/wp-content\/uploads\/2026\/03\/USINE-FRANCE-BIS-2-768x425.png 768w, https:\/\/nawah.fr\/wp-content\/uploads\/2026\/03\/USINE-FRANCE-BIS-2-1536x850.png 1536w, https:\/\/nawah.fr\/wp-content\/uploads\/2026\/03\/USINE-FRANCE-BIS-2-2048x1133.png 2048w\" sizes=\"auto, (max-width: 2462px) 100vw, 2462px\" \/><\/figure>\n<\/div>\n\n\n\n<div class=\"wp-block-column is-layout-flow wp-block-column-is-layout-flow\">\n<figure class=\"wp-block-image size-full rounded\"><img loading=\"lazy\" decoding=\"async\" width=\"700\" height=\"388\" src=\"https:\/\/nawah.fr\/wp-content\/uploads\/2026\/02\/USINE-DAYTON-2025-with-blue-sky-e1771939182423-1024x567-1.jpg\" alt=\"\" class=\"wp-image-758\" srcset=\"https:\/\/nawah.fr\/wp-content\/uploads\/2026\/02\/USINE-DAYTON-2025-with-blue-sky-e1771939182423-1024x567-1.jpg 700w, https:\/\/nawah.fr\/wp-content\/uploads\/2026\/02\/USINE-DAYTON-2025-with-blue-sky-e1771939182423-1024x567-1-300x166.jpg 300w\" sizes=\"auto, (max-width: 700px) 100vw, 700px\" \/><\/figure>\n<\/div>\n<\/div>\n\n<h2 class=\"wp-block-heading\">Processus durables pour des nanomat\u00e9riaux \u00e0 haute performance<\/h2>\n\n<h3 class=\"wp-block-heading\">Optimisation des processus<\/h3>\n\n<p>En tirant parti de l\u2019automatisation avanc\u00e9e et de l\u2019analyse de donn\u00e9es en temps r\u00e9el, nous rationalisons chaque \u00e9tape de la production pour accro\u00eetre l\u2019efficacit\u00e9, minimiser les co\u00fbts et garantir les normes de s\u00e9curit\u00e9 les plus \u00e9lev\u00e9es. Nos \u00e9quipes \u00e9valuent et affinent r\u00e9guli\u00e8rement nos protocoles, en int\u00e9grant les retours des op\u00e9rateurs et des partenaires pour s\u2019adapter rapidement aux nouveaux d\u00e9fis et opportunit\u00e9s.<\/p>\n\n<p><br\/>La responsabilit\u00e9 environnementale guide chaque d\u00e9cision : nous optimisons l&rsquo;utilisation des ressources, mettons en place des mesures d&rsquo;\u00e9conomie d&rsquo;\u00e9nergie, et recyclons activement les r\u00e9sidus de production.<br\/><br\/>L\u2019innovation est int\u00e9gr\u00e9e \u00e0 nos processus. De l\u2019utilisation de la m\u00e9trologie avanc\u00e9e \u00e0 la planification de production agile, en passant par les projets de R&amp;D collaboratifs.<\/p>\n\n<h3 class=\"wp-block-heading\">La qualit\u00e9 au premier plan<\/h3>\n\n<p>Chaque site est g\u00e9r\u00e9 par des \u00e9quipes d\u2019experts et \u00e9quip\u00e9 des derni\u00e8res technologies de fabrication, garantissant une qualit\u00e9 constante des lots, une reproductibilit\u00e9 et les normes les plus \u00e9lev\u00e9es en mati\u00e8re de sant\u00e9, s\u00e9curit\u00e9 et durabilit\u00e9.<\/p>\n\n<p><br\/>Cette capacit\u00e9 industrielle robuste nous positionne comme un partenaire de confiance pour l&rsquo;innovation en mat\u00e9riaux avanc\u00e9s et les applications industrielles \u00e0 grande \u00e9chelle.<\/p>\n","protected":false},"excerpt":{"rendered":"<p>Notre position de leader mondial dans la production de nanomat\u00e9riaux architectur\u00e9s d\u00e9coule de 15 ans de d\u00e9veloppement industriel \u00e0 travers les continents.Nos lignes de fabrication incarnent notre passion pour l\u2019innovation : concevoir et produire des nanomat\u00e9riaux avanc\u00e9s dans un environnement s\u00e9curis\u00e9. Fabrication \u00e0 grande \u00e9chelle pour les besoins industriels mondiaux Production sur deux continents NAWAH [&hellip;]<\/p>\n","protected":false},"author":1,"featured_media":0,"parent":848,"menu_order":0,"comment_status":"closed","ping_status":"closed","template":"","meta":{"_acf_changed":false,"footnotes":""},"class_list":["post-864","page","type-page","status-publish","hentry"],"acf":[],"_links":{"self":[{"href":"https:\/\/nawah.fr\/fr\/wp-json\/wp\/v2\/pages\/864","targetHints":{"allow":["GET"]}}],"collection":[{"href":"https:\/\/nawah.fr\/fr\/wp-json\/wp\/v2\/pages"}],"about":[{"href":"https:\/\/nawah.fr\/fr\/wp-json\/wp\/v2\/types\/page"}],"author":[{"embeddable":true,"href":"https:\/\/nawah.fr\/fr\/wp-json\/wp\/v2\/users\/1"}],"replies":[{"embeddable":true,"href":"https:\/\/nawah.fr\/fr\/wp-json\/wp\/v2\/comments?post=864"}],"version-history":[{"count":1,"href":"https:\/\/nawah.fr\/fr\/wp-json\/wp\/v2\/pages\/864\/revisions"}],"predecessor-version":[{"id":869,"href":"https:\/\/nawah.fr\/fr\/wp-json\/wp\/v2\/pages\/864\/revisions\/869"}],"up":[{"embeddable":true,"href":"https:\/\/nawah.fr\/fr\/wp-json\/wp\/v2\/pages\/848"}],"wp:attachment":[{"href":"https:\/\/nawah.fr\/fr\/wp-json\/wp\/v2\/media?parent=864"}],"curies":[{"name":"wp","href":"https:\/\/api.w.org\/{rel}","templated":true}]}}