{"id":860,"date":"2026-02-03T14:15:30","date_gmt":"2026-02-03T13:15:30","guid":{"rendered":"https:\/\/nawah.fr\/nanomateriaux-architectures\/fonctionnalites\/"},"modified":"2026-04-03T15:10:51","modified_gmt":"2026-04-03T13:10:51","slug":"fonctionnalites","status":"publish","type":"page","link":"https:\/\/nawah.fr\/fr\/nanomateriaux-architectures\/fonctionnalites\/","title":{"rendered":"Fonctionnalit\u00e9s"},"content":{"rendered":"\n<h1 class=\"wp-block-heading\">Propri\u00e9t\u00e9s Multifonctionnelles Con\u00e7ues \u00e0 l&rsquo;\u00c9chelle Nanom\u00e9trique<\/h1>\n\n<p>En int\u00e9grant des nanomat\u00e9riaux architectur\u00e9s pr\u00e9cis\u00e9ment l\u00e0 o\u00f9 ils sont n\u00e9cessaires, les produits b\u00e9n\u00e9ficient de leurs propri\u00e9t\u00e9s exceptionnelles. De plus, ces propri\u00e9t\u00e9s peuvent \u00eatre combin\u00e9es, permettant \u00e0 un seul nanomat\u00e9riau architectur\u00e9 d&rsquo;am\u00e9liorer un produit avec plusieurs fonctionnalit\u00e9s. <\/p>\n\n<h2 class=\"wp-block-heading\">R\u00e9sistance m\u00e9canique robuste<\/h2>\n\n<p>En raison de leur structure unique, les nanomat\u00e9riaux architectur\u00e9s conf\u00e8rent une r\u00e9sistance m\u00e9canique, une flexibilit\u00e9 et une durabilit\u00e9 exceptionnelles aux points les plus faibles des produits. Ils permettent \u00e0 ces produits de supporter davantage de contraintes et de d\u00e9formations, ce qui les rend id\u00e9aux pour des applications haute performance dans le sport, l\u2019a\u00e9rospatiale, l\u2019automobile et la fabrication avanc\u00e9e, o\u00f9 la fiabilit\u00e9 et la long\u00e9vit\u00e9 sont essentielles.<\/p>\n\n<div style=\"height:40px\" aria-hidden=\"true\" class=\"wp-block-spacer\"><\/div>\n\n<div class=\"wp-block-columns is-layout-flex wp-container-core-columns-is-layout-9d6595d7 wp-block-columns-is-layout-flex\">\n<div class=\"wp-block-column is-layout-flow wp-block-column-is-layout-flow\">\n<h2 class=\"wp-block-heading\">Gestion Thermique Sup\u00e9rieure et Conductivit\u00e9 \u00c9lectrique<\/h2>\n\n\n\n<h3 class=\"wp-block-heading\">Conductivit\u00e9 thermique et \u00e9lectrique :<\/h3>\n\n\n\n<p>Nos nanomat\u00e9riaux avanc\u00e9s am\u00e9liorent la conductivit\u00e9 thermique et \u00e9lectrique pr\u00e9cis\u00e9ment l\u00e0 o\u00f9 elle est n\u00e9cessaire Cela garantit une dissipation efficace de la chaleur et un transfert rapide des \u00e9lectrons, soutenant les applications en \u00e9lectronique de puissance, \u00e9changeurs de chaleur, stockage d&rsquo;\u00e9nergie et circuits \u00e9lectriques l\u00e9gers. Ces voies conductrices minimisent les pertes d&rsquo;\u00e9nergie, optimisent les performances du syst\u00e8me et permettent le d\u00e9veloppement d&rsquo;appareils plus compacts.<\/p>\n\n\n\n<h3 class=\"wp-block-heading\">Performances catalytiques<\/h3>\n\n\n\n<p>La structure de nos mat\u00e9riaux offre une activit\u00e9 catalytique tr\u00e8s efficace. Leur grande surface facilite des r\u00e9actions chimiques plus rapides, am\u00e9liorant ainsi les performances dans des applications vari\u00e9es telles que les piles \u00e0 combustible \u00e0 hydrog\u00e8ne et la synth\u00e8se de produits chimiques sp\u00e9cialis\u00e9s, o\u00f9 l&rsquo;efficacit\u00e9 des r\u00e9actions et la durabilit\u00e9 sont essentielles.<\/p>\n<\/div>\n\n\n\n<div class=\"wp-block-column is-layout-flow wp-block-column-is-layout-flow\">\n<h2 class=\"wp-block-heading\">Au-del\u00e0 des mat\u00e9riaux : capteurs int\u00e9gr\u00e9s, blindage EMI, surveillance de la sant\u00e9 structurelle<\/h2>\n\n\n\n<h3 class=\"wp-block-heading\">Surfaces sensibles<\/h3>\n\n\n\n<p>L\u2019int\u00e9gration des technologies de NAWAH permet de cr\u00e9er des surfaces pr\u00e9cis\u00e9ment structur\u00e9es pour pr\u00e9senter une sensibilit\u00e9 accrue aux changements physiques, chimiques ou biologiques. Ces surfaces fonctionnalis\u00e9es sont essentielles pour les capteurs et syst\u00e8mes de d\u00e9tection de nouvelle g\u00e9n\u00e9ration dans le sport, la sant\u00e9, la surveillance environnementale et le contr\u00f4le des processus industriels, offrant des r\u00e9ponses rapides et hautement s\u00e9lectives. <\/p>\n\n\n\n<h3 class=\"wp-block-heading\">Absorption des ondes : (\u00e9lectromagn\u00e9tique, vibration, m\u00e9canique) :<\/h3>\n\n\n\n<p>Nos nanomat\u00e9riaux peuvent \u00eatre con\u00e7us pour absorber ou att\u00e9nuer les ondes \u00e9lectromagn\u00e9tiques, les vibrations ou les chocs m\u00e9caniques. Cela les rend id\u00e9aux pour le blindage EMI dans l\u2019\u00e9lectronique, l\u2019isolation des vibrations dans les transports, et les applications de d\u00e9fense o\u00f9 la discr\u00e9tion ou la fid\u00e9lit\u00e9 du signal est cruciale. L\u2019adaptabilit\u00e9 \u00e0 plusieurs types d\u2019ondes garantit des solutions sur mesure pour divers secteurs avanc\u00e9s.<\/p>\n\n\n\n<p>Gr\u00e2ce \u00e0 leur polyvalence, les mat\u00e9riaux NAWAH stimulent l&rsquo;innovation dans de nombreux secteurs industriels. Ils r\u00e9pondent \u00e0 la qu\u00eate de performance et de durabilit\u00e9 tout en ouvrant la voie \u00e0 de nouvelles fonctions pour les partenaires industriels.<\/p>\n<\/div>\n<\/div>\n","protected":false},"excerpt":{"rendered":"<p>Propri\u00e9t\u00e9s Multifonctionnelles Con\u00e7ues \u00e0 l&rsquo;\u00c9chelle Nanom\u00e9trique En int\u00e9grant des nanomat\u00e9riaux architectur\u00e9s pr\u00e9cis\u00e9ment l\u00e0 o\u00f9 ils sont n\u00e9cessaires, les produits b\u00e9n\u00e9ficient de leurs propri\u00e9t\u00e9s exceptionnelles. De plus, ces propri\u00e9t\u00e9s peuvent \u00eatre combin\u00e9es, permettant \u00e0 un seul nanomat\u00e9riau architectur\u00e9 d&rsquo;am\u00e9liorer un produit avec plusieurs fonctionnalit\u00e9s. R\u00e9sistance m\u00e9canique robuste En raison de leur structure unique, les nanomat\u00e9riaux architectur\u00e9s [&hellip;]<\/p>\n","protected":false},"author":1,"featured_media":0,"parent":848,"menu_order":0,"comment_status":"closed","ping_status":"closed","template":"","meta":{"_acf_changed":false,"footnotes":""},"class_list":["post-860","page","type-page","status-publish","hentry"],"acf":[],"_links":{"self":[{"href":"https:\/\/nawah.fr\/fr\/wp-json\/wp\/v2\/pages\/860","targetHints":{"allow":["GET"]}}],"collection":[{"href":"https:\/\/nawah.fr\/fr\/wp-json\/wp\/v2\/pages"}],"about":[{"href":"https:\/\/nawah.fr\/fr\/wp-json\/wp\/v2\/types\/page"}],"author":[{"embeddable":true,"href":"https:\/\/nawah.fr\/fr\/wp-json\/wp\/v2\/users\/1"}],"replies":[{"embeddable":true,"href":"https:\/\/nawah.fr\/fr\/wp-json\/wp\/v2\/comments?post=860"}],"version-history":[{"count":1,"href":"https:\/\/nawah.fr\/fr\/wp-json\/wp\/v2\/pages\/860\/revisions"}],"predecessor-version":[{"id":861,"href":"https:\/\/nawah.fr\/fr\/wp-json\/wp\/v2\/pages\/860\/revisions\/861"}],"up":[{"embeddable":true,"href":"https:\/\/nawah.fr\/fr\/wp-json\/wp\/v2\/pages\/848"}],"wp:attachment":[{"href":"https:\/\/nawah.fr\/fr\/wp-json\/wp\/v2\/media?parent=860"}],"curies":[{"name":"wp","href":"https:\/\/api.w.org\/{rel}","templated":true}]}}