{"id":855,"date":"2026-02-03T14:15:22","date_gmt":"2026-02-03T13:15:22","guid":{"rendered":"https:\/\/nawah.fr\/nanomateriaux-architectures\/technologie\/"},"modified":"2026-04-03T15:04:31","modified_gmt":"2026-04-03T13:04:31","slug":"technologie","status":"publish","type":"page","link":"https:\/\/nawah.fr\/fr\/nanomateriaux-architectures\/technologie\/","title":{"rendered":"Technologie"},"content":{"rendered":"\n<h1 class=\"wp-block-heading\">Ma\u00eetriser deux comp\u00e9tences cl\u00e9s \u00e0 l\u2019\u00e9chelle industrielle<\/h1>\n\n<p>NAWAH dispose d\u2019une expertise unique dans la production \u00e0 l\u2019\u00e9chelle industrielle de nanotubes de carbone verticalement align\u00e9s (VACNT), contr\u00f4l\u00e9s avec pr\u00e9cision \u00e0 l\u2019\u00e9chelle nanom\u00e9trique. Nous personnalisons avec pr\u00e9cision la longueur, la densit\u00e9 et la microstructuration des nanotubes, adaptant ainsi les propri\u00e9t\u00e9s du mat\u00e9riau pour r\u00e9pondre aux exigences sp\u00e9cifiques des clients.<\/p>\n\n<div class=\"wp-block-group justify-content-sm-center is-nowrap is-layout-flex wp-container-core-group-is-layout-ad2f72ca wp-block-group-is-layout-flex\">\n<div class=\"wp-block-columns is-layout-flex wp-container-core-columns-is-layout-9d6595d7 wp-block-columns-is-layout-flex\">\n<div class=\"wp-block-column is-layout-flow wp-block-column-is-layout-flow\">\n<figure class=\"wp-block-image size-large rounded\"><img loading=\"lazy\" decoding=\"async\" width=\"1024\" height=\"576\" src=\"https:\/\/nawah.fr\/wp-content\/uploads\/2026\/02\/IMG_1078-1024x576.jpg\" alt=\"\" class=\"wp-image-372\" srcset=\"https:\/\/nawah.fr\/wp-content\/uploads\/2026\/02\/IMG_1078-1024x576.jpg 1024w, https:\/\/nawah.fr\/wp-content\/uploads\/2026\/02\/IMG_1078-300x169.jpg 300w, https:\/\/nawah.fr\/wp-content\/uploads\/2026\/02\/IMG_1078-768x432.jpg 768w, https:\/\/nawah.fr\/wp-content\/uploads\/2026\/02\/IMG_1078.jpg 1200w\" sizes=\"auto, (max-width: 1024px) 100vw, 1024px\" \/><\/figure>\n<\/div>\n\n\n\n<div class=\"wp-block-column is-layout-flow wp-block-column-is-layout-flow\">\n<figure class=\"wp-block-image size-full rounded\"><img loading=\"lazy\" decoding=\"async\" width=\"1200\" height=\"674\" src=\"https:\/\/nawah.fr\/wp-content\/uploads\/2026\/02\/20220602_092846-bis2-e1771952534805.jpg\" alt=\"\" class=\"wp-image-373\" srcset=\"https:\/\/nawah.fr\/wp-content\/uploads\/2026\/02\/20220602_092846-bis2-e1771952534805.jpg 1200w, https:\/\/nawah.fr\/wp-content\/uploads\/2026\/02\/20220602_092846-bis2-e1771952534805-300x169.jpg 300w, https:\/\/nawah.fr\/wp-content\/uploads\/2026\/02\/20220602_092846-bis2-e1771952534805-1024x575.jpg 1024w, https:\/\/nawah.fr\/wp-content\/uploads\/2026\/02\/20220602_092846-bis2-e1771952534805-768x431.jpg 768w\" sizes=\"auto, (max-width: 1200px) 100vw, 1200px\" \/><\/figure>\n<\/div>\n\n\n\n<div class=\"wp-block-column is-layout-flow wp-block-column-is-layout-flow\"><\/div>\n\n\n\n<div class=\"wp-block-column is-layout-flow wp-block-column-is-layout-flow\"><\/div>\n<\/div>\n<\/div>\n\n<p>NAWAH ma\u00eetrise \u00e9galement le transfert et l\u2019encapsulation des VACNT sur une grande vari\u00e9t\u00e9 de substrats. Cette capacit\u00e9 \u00e0 int\u00e9grer nos nanotubes sur diff\u00e9rents supports \u00e9largit consid\u00e9rablement les possibilit\u00e9s d\u2019int\u00e9gration dans des produits soumis \u00e0 des contraintes diverses.<\/p>\n\n<div class=\"wp-block-columns are-vertically-aligned-bottom is-layout-flex wp-container-core-columns-is-layout-9d6595d7 wp-block-columns-is-layout-flex\">\n<div class=\"wp-block-column is-vertically-aligned-bottom is-layout-flow wp-block-column-is-layout-flow\"><div class=\"wp-block-image\">\n<figure class=\"aligncenter size-full rounded\"><img loading=\"lazy\" decoding=\"async\" width=\"419\" height=\"227\" src=\"https:\/\/nawah.fr\/wp-content\/uploads\/2026\/02\/Tapis-2.png\" alt=\"\" class=\"wp-image-376\" srcset=\"https:\/\/nawah.fr\/wp-content\/uploads\/2026\/02\/Tapis-2.png 419w, https:\/\/nawah.fr\/wp-content\/uploads\/2026\/02\/Tapis-2-300x163.png 300w\" sizes=\"auto, (max-width: 419px) 100vw, 419px\" \/><\/figure>\n<\/div>\n\n\n<p class=\"has-text-align-center\">Transfert sur pr\u00e9impr\u00e9gn\u00e9<\/p>\n<\/div>\n\n\n\n<div class=\"wp-block-column is-vertically-aligned-bottom is-layout-flow wp-block-column-is-layout-flow\">\n<figure class=\"wp-block-image size-large rounded\"><img loading=\"lazy\" decoding=\"async\" width=\"1024\" height=\"559\" src=\"https:\/\/nawah.fr\/wp-content\/uploads\/2026\/02\/VACNT-on-veil-1024x559.png\" alt=\"\" class=\"wp-image-377\" srcset=\"https:\/\/nawah.fr\/wp-content\/uploads\/2026\/02\/VACNT-on-veil-1024x559.png 1024w, https:\/\/nawah.fr\/wp-content\/uploads\/2026\/02\/VACNT-on-veil-300x164.png 300w, https:\/\/nawah.fr\/wp-content\/uploads\/2026\/02\/VACNT-on-veil-768x419.png 768w, https:\/\/nawah.fr\/wp-content\/uploads\/2026\/02\/VACNT-on-veil.png 1408w\" sizes=\"auto, (max-width: 1024px) 100vw, 1024px\" \/><\/figure>\n\n\n\n<p class=\"has-text-align-center\">Transfert sur voiles<\/p>\n<\/div>\n\n\n\n<div class=\"wp-block-column is-vertically-aligned-bottom is-layout-flow wp-block-column-is-layout-flow\">\n<figure class=\"wp-block-image size-large rounded\"><img loading=\"lazy\" decoding=\"async\" width=\"1024\" height=\"535\" src=\"https:\/\/nawah.fr\/wp-content\/uploads\/2026\/02\/VACNT-on-RF-1024x535.png\" alt=\"\" class=\"wp-image-378\" srcset=\"https:\/\/nawah.fr\/wp-content\/uploads\/2026\/02\/VACNT-on-RF-1024x535.png 1024w, https:\/\/nawah.fr\/wp-content\/uploads\/2026\/02\/VACNT-on-RF-300x157.png 300w, https:\/\/nawah.fr\/wp-content\/uploads\/2026\/02\/VACNT-on-RF-768x401.png 768w, https:\/\/nawah.fr\/wp-content\/uploads\/2026\/02\/VACNT-on-RF.png 1408w\" sizes=\"auto, (max-width: 1024px) 100vw, 1024px\" \/><\/figure>\n\n\n\n<p class=\"has-text-align-center\">Transfert sur films<\/p>\n<\/div>\n\n\n\n<div class=\"wp-block-column is-vertically-aligned-bottom is-layout-flow wp-block-column-is-layout-flow\">\n<figure class=\"wp-block-image size-full rounded\"><img loading=\"lazy\" decoding=\"async\" width=\"754\" height=\"503\" src=\"https:\/\/nawah.fr\/wp-content\/uploads\/2026\/02\/Picture3-e1771952491274.png\" alt=\"\" class=\"wp-image-379\" srcset=\"https:\/\/nawah.fr\/wp-content\/uploads\/2026\/02\/Picture3-e1771952491274.png 754w, https:\/\/nawah.fr\/wp-content\/uploads\/2026\/02\/Picture3-e1771952491274-300x200.png 300w\" sizes=\"auto, (max-width: 754px) 100vw, 754px\" \/><\/figure>\n\n\n\n<p class=\"has-text-align-center\">Transfert double face<\/p>\n<\/div>\n<\/div>\n\n<div class=\"wp-block-columns is-layout-flex wp-container-core-columns-is-layout-9d6595d7 wp-block-columns-is-layout-flex\">\n<div class=\"wp-block-column is-layout-flow wp-block-column-is-layout-flow\"><\/div>\n\n\n\n<div class=\"wp-block-column is-layout-flow wp-block-column-is-layout-flow\"><\/div>\n<\/div>\n\n<h2 class=\"wp-block-heading\">\u00c9largir les possibilit\u00e9s : des solutions nanom\u00e9triques sur mesure au-del\u00e0 du carbone<\/h2>\n\n<p>Au-del\u00e0 du carbone, NAWAH ma\u00eetrise l\u2019ajout de mat\u00e9riaux compl\u00e9mentaires \u00e0 la surface de chaque nanotube, sous forme de couches continues ou de nanoparticules. Cette ing\u00e9nierie nanom\u00e9trique ouvre la voie \u00e0 de nouvelles propri\u00e9t\u00e9s fonctionnelles et permet d\u2019ajuster les mat\u00e9riaux \u00e0 chaque application cibl\u00e9e.<\/p>\n\n<p>Les technologies d\u00e9velopp\u00e9es par NAWAH sont con\u00e7ues pour r\u00e9pondre \u00e0 un large \u00e9ventail de secteurs et de produits industriels. Elles offrent aux entreprises la possibilit\u00e9 d\u2019am\u00e9liorer les performances et la durabilit\u00e9 de leurs solutions gr\u00e2ce \u00e0 une personnalisation avanc\u00e9e des mat\u00e9riaux d\u00e8s la phase de conception.<\/p>\n\n<div style=\"height:39px\" aria-hidden=\"true\" class=\"wp-block-spacer\"><\/div>\n\n<h2 class=\"wp-block-heading\">Du laboratoire \u00e0 l\u2019industrie : une innovation port\u00e9e par les brevets<\/h2>\n\n<p>Chez NAWAH, nous acc\u00e9l\u00e9rons le passage de la d\u00e9couverte scientifique aux applications industrielles concr\u00e8tes gr\u00e2ce \u00e0 une innovation guid\u00e9e par les brevets. Notre \u00e9quipe pluridisciplinaire, compos\u00e9e notamment de 10 docteurs et d\u2019experts internationaux, pilote le d\u00e9veloppement de solutions avanc\u00e9es adapt\u00e9es \u00e0 des d\u00e9fis techniques uniques.<\/p>\n\n<p>Avec 26 brevets d\u00e9pos\u00e9s et accord\u00e9s, NAWAH se positionne \u00e0 la pointe des technologies r\u00e9volutionnaires dans les nanomat\u00e9riaux architectur\u00e9s.<br\/>Notre solide portefeuille de propri\u00e9t\u00e9 intellectuelle souligne notre engagement \u00e0 transformer la recherche innovante en solutions concr\u00e8tes. En tirant parti de notre expertise, nos partenaires de divers secteurs acc\u00e8dent \u00e0 des mat\u00e9riaux de pointe qui transforment les possibilit\u00e9s en r\u00e9alit\u00e9s pr\u00eates pour l&rsquo;industrie.<\/p>\n\n<p><strong>L\u2019expertise technologique de NAWAH en un coup d\u2019\u0153il<\/strong><br\/>","protected":false},"excerpt":{"rendered":"<p>Ma\u00eetriser deux comp\u00e9tences cl\u00e9s \u00e0 l\u2019\u00e9chelle industrielle NAWAH dispose d\u2019une expertise unique dans la production \u00e0 l\u2019\u00e9chelle industrielle de nanotubes de carbone verticalement align\u00e9s (VACNT), contr\u00f4l\u00e9s avec pr\u00e9cision \u00e0 l\u2019\u00e9chelle nanom\u00e9trique. Nous personnalisons avec pr\u00e9cision la longueur, la densit\u00e9 et la microstructuration des nanotubes, adaptant ainsi les propri\u00e9t\u00e9s du mat\u00e9riau pour r\u00e9pondre aux exigences sp\u00e9cifiques [&hellip;]<\/p>\n","protected":false},"author":1,"featured_media":0,"parent":848,"menu_order":0,"comment_status":"closed","ping_status":"closed","template":"","meta":{"_acf_changed":false,"footnotes":""},"class_list":["post-855","page","type-page","status-publish","hentry"],"acf":[],"_links":{"self":[{"href":"https:\/\/nawah.fr\/fr\/wp-json\/wp\/v2\/pages\/855","targetHints":{"allow":["GET"]}}],"collection":[{"href":"https:\/\/nawah.fr\/fr\/wp-json\/wp\/v2\/pages"}],"about":[{"href":"https:\/\/nawah.fr\/fr\/wp-json\/wp\/v2\/types\/page"}],"author":[{"embeddable":true,"href":"https:\/\/nawah.fr\/fr\/wp-json\/wp\/v2\/users\/1"}],"replies":[{"embeddable":true,"href":"https:\/\/nawah.fr\/fr\/wp-json\/wp\/v2\/comments?post=855"}],"version-history":[{"count":1,"href":"https:\/\/nawah.fr\/fr\/wp-json\/wp\/v2\/pages\/855\/revisions"}],"predecessor-version":[{"id":859,"href":"https:\/\/nawah.fr\/fr\/wp-json\/wp\/v2\/pages\/855\/revisions\/859"}],"up":[{"embeddable":true,"href":"https:\/\/nawah.fr\/fr\/wp-json\/wp\/v2\/pages\/848"}],"wp:attachment":[{"href":"https:\/\/nawah.fr\/fr\/wp-json\/wp\/v2\/media?parent=855"}],"curies":[{"name":"wp","href":"https:\/\/api.w.org\/{rel}","templated":true}]}}