{"id":848,"date":"2026-02-11T10:08:07","date_gmt":"2026-02-11T09:08:07","guid":{"rendered":"https:\/\/nawah.fr\/nanomateriaux-architectures\/"},"modified":"2026-04-03T12:43:02","modified_gmt":"2026-04-03T10:43:02","slug":"nanomateriaux-architectures","status":"publish","type":"page","link":"https:\/\/nawah.fr\/fr\/nanomateriaux-architectures\/","title":{"rendered":"Nanomat\u00e9riaux architectur\u00e9s"},"content":{"rendered":"\n<h1 class=\"wp-block-heading\">Pionnier des VACNT : La plateforme la plus avanc\u00e9e au monde de Nanotubes de Carbone multi-parois Align\u00e9s Verticalement<\/h1>\n\n<div style=\"height:40px\" aria-hidden=\"true\" class=\"wp-block-spacer\"><\/div>\n\n<div class=\"wp-block-columns is-layout-flex wp-container-core-columns-is-layout-9d6595d7 wp-block-columns-is-layout-flex\">\n<div class=\"wp-block-column is-layout-flow wp-block-column-is-layout-flow\">\n<h2 class=\"wp-block-heading\">Limites des nanotubes de carbone standards<\/h2>\n\n\n\n<p>Leur manque d&rsquo;organisation intrins\u00e8que limite les capacit\u00e9s des CNT.<\/p>\n\n\n\n<p>Les nanotubes de carbone standards sont constitu\u00e9s de tubes enchev\u00eatr\u00e9s et orient\u00e9s de mani\u00e8re al\u00e9atoire, ce qui provoque une agglom\u00e9ration incontr\u00f4l\u00e9e. I ls sont donc difficiles \u00e0 organiser Cela limite les performances m\u00e9caniques et \u00e9lectriques attendues des mat\u00e9riaux.<\/p>\n\n\n\n<p>Pour les rendre adapt\u00e9s \u00e0 l\u2019int\u00e9gration dans des produits, un traitement suppl\u00e9mentaire est n\u00e9cessaire. Ils doivent \u00eatre dispers\u00e9s dans des matrices ou des encres avant leur int\u00e9gration finale dans les composants.<\/p>\n<\/div>\n\n\n\n<div class=\"wp-block-column is-layout-flow wp-block-column-is-layout-flow\">\n<p><strong>Principales diff\u00e9rences &#8211; CNT vs VACNT<\/strong><\/p>\n\n\n\n<figure class=\"wp-block-table\"><table class=\"has-fixed-layout\"><thead><tr><th>CNT traditionnels <\/th><th>VACNT NAWAH<\/th><\/tr><\/thead><tbody><tr><td>Additif dispers\u00e9 de mani\u00e8re al\u00e9atoire <\/td><td>Nanostructure implant\u00e9e l\u00e0 o\u00f9 elle compte le plus<\/td><\/tr><tr><td>Peu de pourcentages dans le volume<\/td><td>Concentration optimale \u00e0 l&rsquo;interface<\/td><\/tr><tr><td>Contr\u00f4le limit\u00e9<\/td><td>Architecture contr\u00f4l\u00e9e pour maximiser les effets<\/td><\/tr><\/tbody><\/table><\/figure>\n<\/div>\n<\/div>\n\n<div style=\"height:40px\" aria-hidden=\"true\" class=\"wp-block-spacer\"><\/div>\n\n<h2 class=\"wp-block-heading\">Avantages des nanotubes de carbone align\u00e9s verticalement de NAWAH<\/h2>\n\n<p>Les nanotubes de carbone align\u00e9s verticalement (VACNT), en revanche, poussent sous forme de \u00ab for\u00eats \u00bb denses avec leurs axes perpendiculaires \u00e0 un substrat<\/p>\n\n<p>Ils forment un film mince de carbone pur caract\u00e9ris\u00e9 par une porosit\u00e9 \u00e9lev\u00e9e et une grande surface externe. Cette structure pr\u00e9serve les propri\u00e9t\u00e9s des nanotubes, y compris leur comportement \u00e9lectrique, thermique et m\u00e9canique<\/p>\n\n<p>Les VACNT peuvent \u00eatre int\u00e9gr\u00e9s exactement l\u00e0 o\u00f9 ils auront l&rsquo;effet maximal. Ils permettent des interfaces plus contr\u00f4l\u00e9es pour des applications telles que les \u00e9lectrodes, les capteurs et les interfaces thermiques, ou un renforcement m\u00e9canique localis\u00e9 aux interfaces faibles.<\/p>\n\n<p>Les VACNT sont \u00e9galement des \u00e9chafaudages quasi parfaits pour d&rsquo;autres mat\u00e9riaux \u00e0 architecturer \u00e0 l&rsquo;\u00e9chelle nanom\u00e9trique. En recouvrant les nanotubes individuels de nanoparticules ou de couches continues et conformes, une large gamme de nouveaux mat\u00e9riaux peut \u00eatre propos\u00e9e pour les \u00e9lectrodes de nouvelle g\u00e9n\u00e9ration et les assemblages multi-mat\u00e9riaux. <\/p>\n\n<div style=\"height:40px\" aria-hidden=\"true\" class=\"wp-block-spacer\"><\/div>\n\n<h2 class=\"wp-block-heading\">Des VACNT aux nanostructures multifonctionnelles<\/h2>\n\n<p>Les nanomat\u00e9riaux architectur\u00e9s de NAWAH sont fabriqu\u00e9s \u00e0 partir d&rsquo;une base unique de Nanotubes de Carbone Align\u00e9s Verticalement (VACNT).<\/p>\n\n<p>Cette base unique est con\u00e7ue \u00e0 l&rsquo;\u00e9chelle nanom\u00e9trique pour ajuster la largeur, la hauteur et la densit\u00e9 de la microstructure.<\/p>\n\n<p>De plus, un motif sp\u00e9cifique peut \u00eatre r\u00e9alis\u00e9 pour r\u00e9pondre aux exigences de conception, que ce soit \u00e0 l\u2019\u00e9chelle nanom\u00e9trique ou macroscopique.<\/p>\n\n<p>Gr\u00e2ce aux propri\u00e9t\u00e9s uniques des VACNT, les applications peuvent \u00eatre fonctionnalis\u00e9es \u00e9lectriquement ou thermiquement selon des besoins sp\u00e9cifiques.<\/p>\n\n<p>Les propri\u00e9t\u00e9s uniques de nos nanomat\u00e9riaux architectur\u00e9s ouvrent de nouveaux horizons dans les industries pour relever des d\u00e9fis mat\u00e9riels cruciaux et permettre le d\u00e9veloppement de nouveaux produits.<\/p>\n\n<p>Les nanotubes de carbone multi-parois align\u00e9s verticalement de NAWAH sont con\u00e7us lors de la synth\u00e8se pour r\u00e9pondre \u00e0 des exigences structurelles sp\u00e9cifiques.<\/p>\n\n<p><\/p>\n\n<div class=\"wp-block-columns is-layout-flex wp-container-core-columns-is-layout-9d6595d7 wp-block-columns-is-layout-flex\">\n<div class=\"wp-block-column is-vertically-aligned-bottom is-layout-flow wp-block-column-is-layout-flow\" style=\"flex-basis:25%\">\n<div class=\"wp-block-group\"><div class=\"wp-block-group__inner-container is-layout-constrained wp-block-group-is-layout-constrained\">\n<figure class=\"wp-block-image size-large\"><img loading=\"lazy\" decoding=\"async\" width=\"1024\" height=\"997\" src=\"https:\/\/nawah.fr\/wp-content\/uploads\/2026\/02\/Height-VACNT-1024x997.png\" alt=\"Image illustrant les possibilit&#xE9;s de hauteur offertes par la fonctionnalit&#xE9; VACNT\" class=\"wp-image-361\"\/><\/figure>\n<\/div><\/div>\n\n\n\n<p class=\"has-text-align-center\">(SEM Images)<\/p>\n\n\n\n<blockquote class=\"wp-block-quote is-layout-flow wp-block-quote-is-layout-flow\">\n<p class=\"has-text-align-left\">Nos nanotubes de carbone sont parfaitement align\u00e9s verticalement<br\/><br\/><\/p>\n<\/blockquote>\n<\/div>\n\n\n\n<div class=\"wp-block-column is-vertically-aligned-bottom is-layout-flow wp-block-column-is-layout-flow\" style=\"flex-basis:37%\">\n<figure class=\"wp-block-image size-large\"><img loading=\"lazy\" decoding=\"async\" width=\"1024\" height=\"477\" src=\"https:\/\/nawah.fr\/wp-content\/uploads\/2026\/02\/Width-VACNT-1024x477.png\" alt=\"\" class=\"wp-image-362\" srcset=\"https:\/\/nawah.fr\/wp-content\/uploads\/2026\/02\/Width-VACNT-1024x477.png 1024w, https:\/\/nawah.fr\/wp-content\/uploads\/2026\/02\/Width-VACNT-300x140.png 300w, https:\/\/nawah.fr\/wp-content\/uploads\/2026\/02\/Width-VACNT-768x358.png 768w, https:\/\/nawah.fr\/wp-content\/uploads\/2026\/02\/Width-VACNT-1536x716.png 1536w, https:\/\/nawah.fr\/wp-content\/uploads\/2026\/02\/Width-VACNT-2048x955.png 2048w\" sizes=\"auto, (max-width: 1024px) 100vw, 1024px\" \/><\/figure>\n\n\n\n<p class=\"has-text-align-center\">(TEM Images)<\/p>\n\n\n\n<blockquote class=\"wp-block-quote is-layout-flow wp-block-quote-is-layout-flow\">\n<p>Nos nanotubes de carbone sont \u00e0 parois multiples, ce qui leur conf\u00e8re une surface sp\u00e9cifique sup\u00e9rieure.<\/p>\n<\/blockquote>\n<\/div>\n\n\n\n<div class=\"wp-block-column is-vertically-aligned-bottom is-layout-flow wp-block-column-is-layout-flow\" style=\"flex-basis:37%\">\n<div class=\"wp-block-columns is-layout-flex wp-container-core-columns-is-layout-9d6595d7 wp-block-columns-is-layout-flex\">\n<div class=\"wp-block-column is-vertically-aligned-bottom is-layout-flow wp-block-column-is-layout-flow\">\n<figure class=\"wp-block-image size-full\"><img loading=\"lazy\" decoding=\"async\" width=\"640\" height=\"480\" src=\"https:\/\/nawah.fr\/wp-content\/uploads\/2026\/02\/2512NH0004_q014.jpg\" alt=\"\" class=\"wp-image-368\" srcset=\"https:\/\/nawah.fr\/wp-content\/uploads\/2026\/02\/2512NH0004_q014.jpg 640w, https:\/\/nawah.fr\/wp-content\/uploads\/2026\/02\/2512NH0004_q014-300x225.jpg 300w\" sizes=\"auto, (max-width: 640px) 100vw, 640px\" \/><\/figure>\n<\/div>\n\n\n\n<div class=\"wp-block-column is-vertically-aligned-bottom is-layout-flow wp-block-column-is-layout-flow\">\n<figure class=\"wp-block-image size-full\"><img loading=\"lazy\" decoding=\"async\" width=\"640\" height=\"480\" src=\"https:\/\/nawah.fr\/wp-content\/uploads\/2026\/02\/SIM01-222411-750C-1P-SF_q032-002.jpg\" alt=\"\" class=\"wp-image-369\" srcset=\"https:\/\/nawah.fr\/wp-content\/uploads\/2026\/02\/SIM01-222411-750C-1P-SF_q032-002.jpg 640w, https:\/\/nawah.fr\/wp-content\/uploads\/2026\/02\/SIM01-222411-750C-1P-SF_q032-002-300x225.jpg 300w\" sizes=\"auto, (max-width: 640px) 100vw, 640px\" \/><\/figure>\n<\/div>\n<\/div>\n\n\n\n<p class=\"has-text-align-center\">(SEM Images)<\/p>\n\n\n\n<blockquote class=\"wp-block-quote is-layout-flow wp-block-quote-is-layout-flow\">\n<p class=\"has-text-align-left\">Notre proc\u00e9d\u00e9 de fabrication permet une microstructuration \u00e0 motifs<br\/><\/p>\n<\/blockquote>\n<\/div>\n<\/div>\n\n<p><\/p>\n\n<blockquote class=\"wp-block-quote is-layout-flow wp-block-quote-is-layout-flow\">\n<p><\/p>\n<\/blockquote>\n\n<p><\/p>\n","protected":false},"excerpt":{"rendered":"<p>Pionnier des VACNT : La plateforme la plus avanc\u00e9e au monde de Nanotubes de Carbone multi-parois Align\u00e9s Verticalement Limites des nanotubes de carbone standards Leur manque d&rsquo;organisation intrins\u00e8que limite les capacit\u00e9s des CNT. Les nanotubes de carbone standards sont constitu\u00e9s de tubes enchev\u00eatr\u00e9s et orient\u00e9s de mani\u00e8re al\u00e9atoire, ce qui provoque une agglom\u00e9ration incontr\u00f4l\u00e9e. I [&hellip;]<\/p>\n","protected":false},"author":1,"featured_media":0,"parent":0,"menu_order":0,"comment_status":"closed","ping_status":"closed","template":"","meta":{"_acf_changed":false,"footnotes":""},"class_list":["post-848","page","type-page","status-publish","hentry"],"acf":[],"_links":{"self":[{"href":"https:\/\/nawah.fr\/fr\/wp-json\/wp\/v2\/pages\/848","targetHints":{"allow":["GET"]}}],"collection":[{"href":"https:\/\/nawah.fr\/fr\/wp-json\/wp\/v2\/pages"}],"about":[{"href":"https:\/\/nawah.fr\/fr\/wp-json\/wp\/v2\/types\/page"}],"author":[{"embeddable":true,"href":"https:\/\/nawah.fr\/fr\/wp-json\/wp\/v2\/users\/1"}],"replies":[{"embeddable":true,"href":"https:\/\/nawah.fr\/fr\/wp-json\/wp\/v2\/comments?post=848"}],"version-history":[{"count":1,"href":"https:\/\/nawah.fr\/fr\/wp-json\/wp\/v2\/pages\/848\/revisions"}],"predecessor-version":[{"id":849,"href":"https:\/\/nawah.fr\/fr\/wp-json\/wp\/v2\/pages\/848\/revisions\/849"}],"wp:attachment":[{"href":"https:\/\/nawah.fr\/fr\/wp-json\/wp\/v2\/media?parent=848"}],"curies":[{"name":"wp","href":"https:\/\/api.w.org\/{rel}","templated":true}]}}